{"id":203,"date":"2025-11-11T12:22:31","date_gmt":"2025-11-11T12:22:31","guid":{"rendered":"https:\/\/mblay.mkmp1.com.es\/mblaywp\/?page_id=203"},"modified":"2025-11-12T08:37:24","modified_gmt":"2025-11-12T08:37:24","slug":"quienes-somos","status":"publish","type":"page","link":"https:\/\/mblay.mkmp1.com.es\/mblaywp\/?page_id=203","title":{"rendered":"\u00bfQuienes somos?"},"content":{"rendered":"\n<p class=\"has-medium-font-size\"><strong>Misi\u00f3n, Visi\u00f3n y Valores<\/strong><\/p>\n\n\n\n<p class=\"has-small-font-size\"><strong>Misi\u00f3n<\/strong><\/p>\n\n\n\n<p>En Boonkers, nuestra misi\u00f3n es clara: queremos fusionar la alta tecnolog\u00eda con la moda streetwear para crear prendas que no solo sean modernas y atractivas, sino tambi\u00e9n inteligentes y funcionales. Buscamos que cada prenda que dise\u00f1amos tenga un prop\u00f3sito, ofreciendo comodidad, innovaci\u00f3n y estilo a quienes la llevan puesta. Creemos firmemente que la tecnolog\u00eda no debe ser un lujo inaccesible; por eso trabajamos para que nuestras creaciones sean accesibles para todos los amantes de la moda urbana, desde aquellos que buscan expresarse con estilo hasta quienes desean experimentar la comodidad y la funcionalidad que la tecnolog\u00eda puede ofrecer. Cada proyecto que emprendemos est\u00e1 pensado para mejorar la experiencia diaria de nuestros clientes, haciendo que la ropa deje de ser solo un vestuario y se convierta en una herramienta que conecta creatividad, innovaci\u00f3n y estilo de vida urbano.<\/p>\n\n\n\n<p class=\"has-small-font-size\"><strong>Visi\u00f3n<\/strong><\/p>\n\n\n\n<p>Nuestra visi\u00f3n es convertirnos en la referencia global en moda urbana tecnol\u00f3gica. Queremos que Boonkers sea sin\u00f3nimo de innovaci\u00f3n accesible, donde la creatividad y la tecnolog\u00eda se encuentren para transformar la forma en que las personas interact\u00faan con su ropa. Imaginamos un futuro en el que la moda no solo se vea bien, sino que tambi\u00e9n tenga un prop\u00f3sito funcional y conectado con la vida cotidiana de quienes la usan. Aspiramos a redefinir la experiencia de vestir, demostrando que la tecnolog\u00eda no es algo distante o complicado, sino que puede integrarse de manera natural, estilosa y accesible en el streetwear. Nos vemos liderando un movimiento donde cada prenda cuente una historia, una historia de innovaci\u00f3n, estilo y comunidad.<\/p>\n\n\n\n<p class=\"has-small-font-size\"><strong>Valores<\/strong><\/p>\n\n\n\n<p><em>Los valores que nos gu\u00edan en cada decisi\u00f3n, proyecto y creaci\u00f3n son el coraz\u00f3n de Boonkers, y definen qui\u00e9nes somos y c\u00f3mo queremos impactar en el mundo de la moda tecnol\u00f3gica:<\/em><\/p>\n\n\n\n<ol class=\"wp-block-list\">\n<li><strong>Innovaci\u00f3n:<\/strong> Nos apasiona explorar constantemente nuevas tecnolog\u00edas y formas de integrarlas en la moda urbana. Creemos que cada prenda es una oportunidad para reinventar la experiencia de vestir.<\/li>\n\n\n\n<li><strong>Accesibilidad:<\/strong> Queremos que la moda tecnol\u00f3gica est\u00e9 al alcance de todos. No buscamos exclusividad por el precio, sino democratizar la innovaci\u00f3n, para que cualquiera pueda disfrutar de ropa funcional y con estilo.<\/li>\n\n\n\n<li><strong>Estilo y autenticidad:<\/strong> Mantener la esencia del streetwear es fundamental. Cada dise\u00f1o refleja nuestra creatividad, personalidad y el esp\u00edritu urbano que nos inspira. Queremos que quienes vistan Boonkers se sientan aut\u00e9nticos y \u00fanicos.<\/li>\n\n\n\n<li><strong>Sostenibilidad:<\/strong> Nos comprometemos a utilizar la tecnolog\u00eda y los materiales de manera responsable, minimizando nuestro impacto ambiental y promoviendo pr\u00e1cticas sostenibles dentro de la industria de la moda.<\/li>\n\n\n\n<li><strong>Comunidad y colaboraci\u00f3n:<\/strong> Creemos que la moda y la tecnolog\u00eda son m\u00e1s poderosas cuando se comparten. Por eso construimos una comunidad s\u00f3lida que incluye dise\u00f1adores, colaboradores y clientes, fomentando la colaboraci\u00f3n, el aprendizaje y el crecimiento conjunto.<\/li>\n<\/ol>\n\n\n\n<p><\/p>\n\n\n\n<hr class=\"wp-block-separator has-alpha-channel-opacity\"\/>\n\n\n\n<p><\/p>\n","protected":false},"excerpt":{"rendered":"<p>Misi\u00f3n, Visi\u00f3n y Valores Misi\u00f3n En Boonkers, nuestra misi\u00f3n es clara: queremos fusionar la alta tecnolog\u00eda con la moda streetwear para crear prendas que no solo sean modernas y atractivas, sino tambi\u00e9n inteligentes y funcionales. Buscamos que cada prenda que dise\u00f1amos tenga un prop\u00f3sito, ofreciendo comodidad, innovaci\u00f3n y estilo a quienes la llevan puesta. Creemos &hellip; <\/p>\n<p class=\"link-more\"><a href=\"https:\/\/mblay.mkmp1.com.es\/mblaywp\/?page_id=203\" class=\"more-link\">Leer m\u00e1s<span class=\"screen-reader-text\"> \u00ab\u00bfQuienes somos?\u00bb<\/span><\/a><\/p>\n","protected":false},"author":1,"featured_media":0,"parent":0,"menu_order":0,"comment_status":"closed","ping_status":"closed","template":"","meta":{"footnotes":""},"class_list":["post-203","page","type-page","status-publish","hentry"],"_links":{"self":[{"href":"https:\/\/mblay.mkmp1.com.es\/mblaywp\/index.php?rest_route=\/wp\/v2\/pages\/203","targetHints":{"allow":["GET"]}}],"collection":[{"href":"https:\/\/mblay.mkmp1.com.es\/mblaywp\/index.php?rest_route=\/wp\/v2\/pages"}],"about":[{"href":"https:\/\/mblay.mkmp1.com.es\/mblaywp\/index.php?rest_route=\/wp\/v2\/types\/page"}],"author":[{"embeddable":true,"href":"https:\/\/mblay.mkmp1.com.es\/mblaywp\/index.php?rest_route=\/wp\/v2\/users\/1"}],"replies":[{"embeddable":true,"href":"https:\/\/mblay.mkmp1.com.es\/mblaywp\/index.php?rest_route=%2Fwp%2Fv2%2Fcomments&post=203"}],"version-history":[{"count":2,"href":"https:\/\/mblay.mkmp1.com.es\/mblaywp\/index.php?rest_route=\/wp\/v2\/pages\/203\/revisions"}],"predecessor-version":[{"id":208,"href":"https:\/\/mblay.mkmp1.com.es\/mblaywp\/index.php?rest_route=\/wp\/v2\/pages\/203\/revisions\/208"}],"wp:attachment":[{"href":"https:\/\/mblay.mkmp1.com.es\/mblaywp\/index.php?rest_route=%2Fwp%2Fv2%2Fmedia&parent=203"}],"curies":[{"name":"wp","href":"https:\/\/api.w.org\/{rel}","templated":true}]}}